{"id":370,"date":"2021-05-21T08:22:53","date_gmt":"2021-05-21T08:22:53","guid":{"rendered":"http:\/\/www.talouspoliittinen.fi\/?page_id=370"},"modified":"2021-06-02T10:01:04","modified_gmt":"2021-06-02T10:01:04","slug":"tietoa-jasenyydesta","status":"publish","type":"page","link":"https:\/\/www.talouspoliittinen.fi\/index.php\/tietoa-jasenyydesta\/","title":{"rendered":"Tietoa j\u00e4senyydest\u00e4"},"content":{"rendered":"\n<p>Oletko kiinnostunut vaikuttamaan Turun suuntaan?<\/p>\n\n\n\n<p><strong>Turun Talouspoliittinen Kansallisseura ry<\/strong> (TalPol) ottaa mielell\u00e4\u00e4n uusia j\u00e4seni\u00e4, jotka rakentavat vastuullista huomista Turussa, Suomen parhaassa kaupungissa.<\/p>\n\n\n\n<p>TalPol on yksi Kokoomuksen suurimpia paikallisyhdistyksi\u00e4 Turussa ja kuulumme Kokoomuksen Turun aluej\u00e4rjest\u00f6\u00f6n (KTA).<\/p>\n\n\n\n<p>MIT\u00c4 KOKOOMUS ON?<\/p>\n\n\n\n<p>Nykyinen periaateohjelma (2006) m\u00e4\u00e4rittelee kokoomuksen keskustaoikeistolaiseksi kansanpuolueeksi, jonka tavoitteena on itsest\u00e4 ja toisista huolehtivien ihmisten yhteiskunta, jossa kaikille mahdollistetaan hyv\u00e4n el\u00e4m\u00e4n edellytykset. Periaateohjelma luonnehtii kokoomusta ihmiseen luottavaksi uudistajaksi, jolle on t\u00e4rke\u00e4\u00e4 ihmisen vapaus ja vastuu omassa toiminnassaan. Keskeisiin periaatteisiin kuuluvat esimerkiksi mahdollisuuksien tasa-arvo ja heikommista huolehtiminen sek\u00e4 perheen ja l\u00e4hiyhteis\u00f6n vastuu.<\/p>\n\n\n\n<p>TalPol on Kokoomus r.p:n yleispoliittinen paikallisyhdistys Turussa, joka haluaa kehitt\u00e4\u00e4 my\u00f6s talousl\u00e4ht\u00f6ist\u00e4 keskustelua.<\/p>\n\n\n\n<p>KUKA VOI LIITTY\u00c4 KOKOOMUKSEN PAIKALLISYHDISTYKSEEN?<\/p>\n\n\n\n<p>Yhdistyksen varsinaiseksi j\u00e4seneksi voi liitty\u00e4 viisitoista (15) vuotta t\u00e4ytt\u00e4nyt henkil\u00f6, joka hyv\u00e4ksyy yhdistyksen tarkoituksen ja toiminnan sek\u00e4 puolueen yleiset periaatteet ja jonka yhdistyksen hallitus hyv\u00e4ksyy j\u00e4seneksi.<\/p>\n\n\n\n<p>Yhdistyksen j\u00e4sen tai j\u00e4seneksi pyrkiv\u00e4 ei saa kuulua muuhun puolueeseen eik\u00e4 varsinaisena j\u00e4senen\u00e4 muuhun Kansallinen Kokoomus r.p:n j\u00e4senyhdistykseen.<\/p>\n\n\n\n<p>TALPOLIN J\u00c4SENEKSI<\/p>\n\n\n\n<p>Kun haluat j\u00e4seneksi TalPoliin tai pyyt\u00e4\u00e4 lis\u00e4tietoja meist\u00e4, niin ole yhteydess\u00e4 s\u00e4hk\u00f6postilla info@talouspoliittinen.fi <\/p>\n\n\n\n<p>Voit my\u00f6s ottaa yhteytt\u00e4 suoraan TalPolin puheenjohtajaan Timo Laaksonen, puh 050 463 0880 tai yhdistyksen sihteeriin Janne Tienp\u00e4\u00e4, puh. 044 2064161.<\/p>\n\n\n\n<p>Tervetuloa mukaan!<\/p>\n","protected":false},"excerpt":{"rendered":"<p>Oletko kiinnostunut vaikuttamaan Turun suuntaan? Turun Talouspoliittinen Kansallisseura ry (TalPol) ottaa mielell\u00e4\u00e4n uusia j\u00e4seni\u00e4, jotka rakentavat vastuullista huomista Turussa, Suomen parhaassa kaupungissa. TalPol on yksi Kokoomuksen suurimpia paikallisyhdistyksi\u00e4 Turussa ja kuulumme Kokoomuksen Turun aluej\u00e4rjest\u00f6\u00f6n (KTA). MIT\u00c4 KOKOOMUS ON? Nykyinen periaateohjelma (2006) m\u00e4\u00e4rittelee kokoomuksen keskustaoikeistolaiseksi kansanpuolueeksi, jonka tavoitteena on itsest\u00e4 ja toisista huolehtivien ihmisten yhteiskunta, jossa&hellip;&nbsp;<a href=\"https:\/\/www.talouspoliittinen.fi\/index.php\/tietoa-jasenyydesta\/\" class=\"\" rel=\"bookmark\">Lue lis\u00e4\u00e4 &raquo;<span class=\"screen-reader-text\">Tietoa j\u00e4senyydest\u00e4<\/span><\/a><\/p>\n","protected":false},"author":1,"featured_media":0,"parent":0,"menu_order":0,"comment_status":"closed","ping_status":"closed","template":"","meta":{"neve_meta_sidebar":"full-width","neve_meta_container":"","neve_meta_enable_content_width":"on","neve_meta_content_width":70,"neve_meta_title_alignment":"","neve_meta_author_avatar":"","neve_post_elements_order":"","neve_meta_disable_header":"","neve_meta_disable_footer":"","neve_meta_disable_title":"","_themeisle_gutenberg_block_has_review":false,"_ti_tpc_template_sync":false,"_ti_tpc_template_id":""},"_links":{"self":[{"href":"https:\/\/www.talouspoliittinen.fi\/index.php\/wp-json\/wp\/v2\/pages\/370"}],"collection":[{"href":"https:\/\/www.talouspoliittinen.fi\/index.php\/wp-json\/wp\/v2\/pages"}],"about":[{"href":"https:\/\/www.talouspoliittinen.fi\/index.php\/wp-json\/wp\/v2\/types\/page"}],"author":[{"embeddable":true,"href":"https:\/\/www.talouspoliittinen.fi\/index.php\/wp-json\/wp\/v2\/users\/1"}],"replies":[{"embeddable":true,"href":"https:\/\/www.talouspoliittinen.fi\/index.php\/wp-json\/wp\/v2\/comments?post=370"}],"version-history":[{"count":1,"href":"https:\/\/www.talouspoliittinen.fi\/index.php\/wp-json\/wp\/v2\/pages\/370\/revisions"}],"predecessor-version":[{"id":371,"href":"https:\/\/www.talouspoliittinen.fi\/index.php\/wp-json\/wp\/v2\/pages\/370\/revisions\/371"}],"wp:attachment":[{"href":"https:\/\/www.talouspoliittinen.fi\/index.php\/wp-json\/wp\/v2\/media?parent=370"}],"curies":[{"name":"wp","href":"https:\/\/api.w.org\/{rel}","templated":true}]}}