{"id":376,"date":"2021-05-21T12:16:58","date_gmt":"2021-05-21T12:16:58","guid":{"rendered":"http:\/\/www.talouspoliittinen.fi\/?page_id=376"},"modified":"2023-04-08T19:11:54","modified_gmt":"2023-04-08T19:11:54","slug":"teemamme","status":"publish","type":"page","link":"https:\/\/www.talouspoliittinen.fi\/index.php\/teemamme\/","title":{"rendered":"Teemamme"},"content":{"rendered":"\n<p>TY\u00d6 &#8211; TALOUS &#8211; YRITT\u00c4JYYS<\/p>\n\n\n\n<p>Menestyv\u00e4t yritykset ovat hyvinvointimme perusta. Yritysten menestyksen my\u00f6nteiset vaikutukset heijastuvat koko yhteiskuntaan ty\u00f6llisyyden ja verotulojen kasvuna. Pid\u00e4mme siksi t\u00e4rke\u00e4n\u00e4, ett\u00e4 turkulaisten yritt\u00e4jien ja yritysten toimintaedellytykset ovat kunnossa nyt ja tulevaisuudessa.<\/p>\n\n\n\n<p>Keinoina elinvoimaisuuden yll\u00e4pit\u00e4miselle edist\u00e4mme paikallisesti seuraavia asioita: ei veronkorotuksia, huolehditaan osaavan ty\u00f6voiman saatavuudesta, jatketaan lupaprosessien tehostamista ja mahdollistetaan julkisiin hankintakilpailuihin my\u00f6s paikallisten pk-yritysten osallistuminen. Valtakunnallisesti pid\u00e4mme t\u00e4rke\u00e4n\u00e4 kannustavamman sosiaaliturvaj\u00e4rjestelm\u00e4n luomista, yritt\u00e4jien sosiaaliturvan parantamista ja ty\u00f6per\u00e4isen maahanmuuton helpottamista.<\/p>\n\n\n\n<p><\/p>\n\n\n\n<p>HYVINVOINTI JA SIVISTYS<\/p>\n\n\n\n<p><strong>Jonoista hoitoon<\/strong><\/p>\n\n\n\n<p>Yhteiskunnan teht\u00e4v\u00e4 on varmistaa jokaiselle h\u00e4nen tarvitsemansa sosiaali- ja terveyspalvelut. T\u00e4m\u00e4 tarkoittaa sek\u00e4 julkisen ett\u00e4 ett\u00e4 yksityisen sektorin palvelujen hy\u00f6dynt\u00e4mist\u00e4. Jonoissa ei pit\u00e4isi kenenk\u00e4\u00e4n joutua odottamaan hoitoa kuin lyhyen ajan. Uudet vaalit, verot tai hallintovirat eiv\u00e4t paranna palveluja. Turussakin v\u00e4est\u00f6 ik\u00e4\u00e4ntyy ja palvelutarve kasvaa ja t\u00e4h\u00e4n haasteeseen on vastattava kest\u00e4v\u00e4sti. My\u00f6s hyvinvointialueiden toimintamallia on edelleen kehitett\u00e4v\u00e4.<\/p>\n\n\n\n<p><strong>Liikunta edist\u00e4\u00e4 hyvinvointia<\/strong><\/p>\n\n\n\n<p>Vain viidennes suomalaisista liikkuu terveytens\u00e4 kannalta riitt\u00e4v\u00e4sti. Liikkumattomuus lis\u00e4\u00e4 merkitt\u00e4v\u00e4sti riski\u00e4 sairastua mm. elintapasairauksiin ja aiheuttaa lis\u00e4ksi vuosittain yli kolmen miljardin euron kustannukset yhteiskunnalle.<\/p>\n\n\n\n<p>Erityisen huolestuttavaa on, ett\u00e4 suomalaiset nuoret eiv\u00e4t liiku tarpeeksi. Liikuntapolitiikassa on vahvistettava erityisesti aikuisten arkiliikunnan sek\u00e4 lasten ja nuorten harrastustoiminnan edellytyksi\u00e4. Ne eiv\u00e4t ole toisiaan poissulkevia, mutta vaativat yksil\u00f6lliset rahoitus- ja ohjauskeinot.<\/p>\n\n\n\n<p>Meist\u00e4 kaupungin tulee panostaa suunnitelmallisesti terveytt\u00e4 edist\u00e4v\u00e4\u00e4n liikuntaan. Tarvitsemme lis\u00e4\u00e4 matalan kynnyksen liikuntamahdollisuuksia. Liikuntapaikkarakentamistakin on edistett\u00e4v\u00e4 m\u00e4\u00e4r\u00e4tietoisesti kunhan samalla huomioidaan kaupungin vastuullinen taloudenhoito. <\/p>\n\n\n\n<p><strong>Sivistys on tiedollista, taidollista sek\u00e4 syd\u00e4men sivistyst\u00e4<\/strong><\/p>\n\n\n\n<p>Kasvatus ja koulutus antavat sivistykselle pohjan. Siksi koulutuksesta huolehtinen ja siihen panostaminen ovat kaupungin keskeisi\u00e4 prioriteetteja aina varhaiskasvatuksesta perusopetukseen ja toisen asteen koulutuksesta korkeakouluihin &#8211; unohtamatta aikuisoppimisen tarpeita muuttuvassa maailmassa. <\/p>\n\n\n\n<p>Hyv\u00e4 koulutus parantaa kyky\u00e4 arvioida tiedon luotettavuutta ja valmiuksia erottaa olennainen ep\u00e4olennaisesta. Ilman t\u00e4t\u00e4 sivistyst\u00e4 ei voi olla toimivaa demokratiaa.<\/p>\n\n\n\n<p>Syd\u00e4men sivistyst\u00e4kin tarvitaan, jotta kykenemme asettumaan toisen ihmisen asemaan, toimimaan moraalisesti oikein ja arvostamaan erilaisuutta.<\/p>\n\n\n\n<p id=\"ilman-elinkelpoista\"><strong>Haluamme turvata ymp\u00e4rist\u00f6n ja kest\u00e4v\u00e4n joukkoliikenneratkaisun<\/strong><\/p>\n\n\n\n<p id=\"ilman-elinkelpoista\">Kaupungin on suosittava sellaista kulutusk\u00e4ytt\u00e4ytymist\u00e4 ja liikkumista, joka v\u00e4hent\u00e4\u00e4 ymp\u00e4rist\u00f6kuormitusta. T\u00e4t\u00e4 muutosta Turussa ei pid\u00e4 toteuttaa pakkom\u00e4\u00e4r\u00e4yksill\u00e4 vaan vapaaehtoisuuteen kannustaen. Haluamme valjastaa enemm\u00e4n teknologiaa ymp\u00e4rist\u00f6nsuojeluun, josta esimerkkin\u00e4 ovat s\u00e4hk\u00f6k\u00e4ytt\u00f6iset linja-autot kaupunkiliikenteess\u00e4.<\/p>\n\n\n\n<p>Ymp\u00e4rist\u00f6asiat, liikenneratkaisut mukaan lukien, ovat t\u00e4rke\u00e4 osa kaupunkipolitiikkaa. Yht\u00e4 t\u00e4rke\u00e4\u00e4 on vastuullinen taloudenhoito. Raitiotieasiassa on kyse ajoituksesta. Onko nyt oikea aika? Katetaanko suurinvestoinnit velalla ja veronkorotuksilla? Muuttuvatko ty\u00f6n muodot koronan j\u00e4lkeen ja vaikuttavatko ne liikkumiseen?<\/p>\n\n\n\n<p>TalPolin pitk\u00e4aikainen linjaus raitiotiesuunnitelmissa on sen seutukunnallisuus ja kokonaistaloudellinen kannattavuus. Samalla meille on t\u00e4rke\u00e4\u00e4 kehitt\u00e4\u00e4 keskustan saavutettavuutta kaikilla liikkumismuodoilla. Nyt keskustelussa olevaan vain Turkuun sijoittuvan raitiotiehankkeen toteuttamiseen emme n\u00e4e taloudellisia mahdollisuuksia. <\/p>\n\n\n\n<p><\/p>\n","protected":false},"excerpt":{"rendered":"<p>TY\u00d6 &#8211; TALOUS &#8211; YRITT\u00c4JYYS Menestyv\u00e4t yritykset ovat hyvinvointimme perusta. Yritysten menestyksen my\u00f6nteiset vaikutukset heijastuvat koko yhteiskuntaan ty\u00f6llisyyden ja verotulojen kasvuna. Pid\u00e4mme siksi t\u00e4rke\u00e4n\u00e4, ett\u00e4 turkulaisten yritt\u00e4jien ja yritysten toimintaedellytykset ovat kunnossa nyt ja tulevaisuudessa. Keinoina elinvoimaisuuden yll\u00e4pit\u00e4miselle edist\u00e4mme paikallisesti seuraavia asioita: ei veronkorotuksia, huolehditaan osaavan ty\u00f6voiman saatavuudesta, jatketaan lupaprosessien tehostamista ja mahdollistetaan julkisiin hankintakilpailuihin&hellip;&nbsp;<a href=\"https:\/\/www.talouspoliittinen.fi\/index.php\/teemamme\/\" class=\"\" rel=\"bookmark\">Lue lis\u00e4\u00e4 &raquo;<span class=\"screen-reader-text\">Teemamme<\/span><\/a><\/p>\n","protected":false},"author":1,"featured_media":0,"parent":0,"menu_order":0,"comment_status":"closed","ping_status":"closed","template":"","meta":{"neve_meta_sidebar":"full-width","neve_meta_container":"","neve_meta_enable_content_width":"on","neve_meta_content_width":70,"neve_meta_title_alignment":"","neve_meta_author_avatar":"","neve_post_elements_order":"","neve_meta_disable_header":"","neve_meta_disable_footer":"","neve_meta_disable_title":"","_themeisle_gutenberg_block_has_review":false,"_ti_tpc_template_sync":false,"_ti_tpc_template_id":""},"_links":{"self":[{"href":"https:\/\/www.talouspoliittinen.fi\/index.php\/wp-json\/wp\/v2\/pages\/376"}],"collection":[{"href":"https:\/\/www.talouspoliittinen.fi\/index.php\/wp-json\/wp\/v2\/pages"}],"about":[{"href":"https:\/\/www.talouspoliittinen.fi\/index.php\/wp-json\/wp\/v2\/types\/page"}],"author":[{"embeddable":true,"href":"https:\/\/www.talouspoliittinen.fi\/index.php\/wp-json\/wp\/v2\/users\/1"}],"replies":[{"embeddable":true,"href":"https:\/\/www.talouspoliittinen.fi\/index.php\/wp-json\/wp\/v2\/comments?post=376"}],"version-history":[{"count":5,"href":"https:\/\/www.talouspoliittinen.fi\/index.php\/wp-json\/wp\/v2\/pages\/376\/revisions"}],"predecessor-version":[{"id":537,"href":"https:\/\/www.talouspoliittinen.fi\/index.php\/wp-json\/wp\/v2\/pages\/376\/revisions\/537"}],"wp:attachment":[{"href":"https:\/\/www.talouspoliittinen.fi\/index.php\/wp-json\/wp\/v2\/media?parent=376"}],"curies":[{"name":"wp","href":"https:\/\/api.w.org\/{rel}","templated":true}]}}